{"id":3671,"date":"2013-02-17T18:32:23","date_gmt":"2013-02-17T17:32:23","guid":{"rendered":"http:\/\/demo.premiumwd.com\/innovate\/?page_id=3671"},"modified":"2020-01-17T14:20:08","modified_gmt":"2020-01-17T13:20:08","slug":"accueil","status":"publish","type":"page","link":"https:\/\/www.techsealab.com\/accueil","title":{"rendered":"Accueil"},"content":{"rendered":"<div id=\"pl-3671\"  class=\"panel-layout\" ><div id=\"pg-3671-0\"  class=\"panel-grid panel-no-style\" ><div id=\"pgc-3671-0-0\"  class=\"panel-grid-cell\" ><div id=\"panel-3671-0-0-0\" class=\"so-panel widget widget_sow-editor panel-first-child panel-last-child\" data-index=\"0\" ><div\n\t\t\t\n\t\t\tclass=\"so-widget-sow-editor so-widget-sow-editor-base\"\n\t\t\t\n\t\t>\n<div class=\"siteorigin-widget-tinymce textwidget\">\n\t<div class=\"boxes\" style=\"box-shadow: 1px 1px 3px 0 rgba(180, 180, 180, 0.2);border: 1px solid #dedede;background-color: #fcfcfc; \">\n<div style=\"width:100%\"><span class=\"text\">Techsealab est une soci\u00e9t\u00e9 Bretonne sp\u00e9cialis\u00e9e dans les Biotechnologies v\u00e9g\u00e9tales marines et terrestres.<br \/>\n<\/span>\n\t<\/div>\n<\/div>\n<h3>Pr\u00e9sentation<\/h3>\n<p style=\"text-align: justify;\"><strong>L\u2019activit\u00e9 principale de notre soci\u00e9t\u00e9 consiste en la mise en \u0153uvre de technologies permettant :<\/strong><\/p>\n<p style=\"text-align: justify; margin-bottom: 30px;\">L\u2019\u00e9laboration d\u2019actifs originaux (actifs obtenus \u00e0 partir des technologies qui nous sont propres) sous forme liquide, solide ou de cr\u00e8me \u00e0 partir de mati\u00e8res premi\u00e8res rigoureusement s\u00e9lectionn\u00e9es et issues d\u2019une site exceptionnel situ\u00e9 \u00e0 la pointe sud du Finist\u00e8re.<\/p>\n<p style=\"text-align: justify; padding-bottom: 20px;\">La formulation de produits finis destin\u00e9s principalement au march\u00e9 de l'agriculture mais aussi \u00e0 celui du bien-\u00eatre et de la nutrition.<\/p>\n<div style=\"background: none repeat scroll 0% 0% #f7f7f7; border-color: #e5e5e5 #d8d8d8 #d8d8d8; border-style: solid; border-width: 5px 1px 1px; padding: 25px 25px 20px; text-align: justify;\">Techsealab est une soci\u00e9t\u00e9 alliant <strong>expertise et savoir-faire<\/strong> dans le <strong>respect constant de l'environnement et dans un esprit d\u2019innovation continue<\/strong>.<\/div>\n<\/div>\n<\/div><\/div><\/div><\/div><div id=\"pg-3671-1\"  class=\"panel-grid panel-no-style\" ><div id=\"pgc-3671-1-0\"  class=\"panel-grid-cell\" ><div id=\"panel-3671-1-0-0\" class=\"so-panel widget widget_sow-editor panel-first-child panel-last-child\" data-index=\"1\" ><div\n\t\t\t\n\t\t\tclass=\"so-widget-sow-editor so-widget-sow-editor-base\"\n\t\t\t\n\t\t>\n<div class=\"siteorigin-widget-tinymce textwidget\">\n\t<h3>Nos valeurs<\/h3>\n<div class=\"circlelist\">\n<ul style=\"text-align: justify;\">\n<li>Proposer des alternatives naturelles en valorisant les algues et les plantes du Pays Bigouden.<\/li>\n<li>D\u00e9velopper des solutions en nous inscrivant dans une dynamique d\u2019innovation de produits originaux \u00e0 forte valeur ajout\u00e9e.<\/li>\n<li>Respecter l\u2019homme et l\u2019environnement, en utilisant des v\u00e9g\u00e9taux s\u00e9lectionn\u00e9s, mati\u00e8res premi\u00e8res naturelles pour fabriquer nos produits \u00e0 destinations des fili\u00e8res agricoles (traditionnelles et biologiques), des fili\u00e8res agroalimentaires et des fili\u00e8res nutrition-sant\u00e9.<\/li>\n<\/ul>\n<\/div>\n<\/div>\n<\/div><\/div><\/div><\/div><div id=\"pg-3671-2\"  class=\"panel-grid panel-has-style\" ><div class=\"siteorigin-panels-stretch panel-row-style panel-row-style-for-3671-2\" data-stretch-type=\"full\" ><div id=\"pgc-3671-2-0\"  class=\"panel-grid-cell\" ><div id=\"panel-3671-2-0-0\" class=\"so-panel widget widget_sow-editor panel-first-child panel-last-child\" data-index=\"2\" ><div\n\t\t\t\n\t\t\tclass=\"so-widget-sow-editor so-widget-sow-editor-base\"\n\t\t\t\n\t\t>\n<div class=\"siteorigin-widget-tinymce textwidget\">\n\t<h3 style=\"color:#ffffff;\">Dimension internationale<\/h3>\n<div class=\"one_half\">\n<p style=\"text-align: justify; color:#ffffff;\">Nos clients partagent des exigences accrues en termes de qualit\u00e9 et d\u2019efficacit\u00e9 des solutions et des gammes de produits que nous proposons, qu\u2019ils utilisent et dont ils sont satisfaits.<\/p>\n<p style=\"text-align: justify; color:#ffffff;\">Nos alternatives naturelles r\u00e9pondent aux besoins de nos clients \u00e0 travers le monde ce qui d\u00e9montre notre volont\u00e9 d\u2019afficher une dimension internationale.<\/p>\n<p style=\"text-align: justify; color:#ffffff;\">En effet, soucieux de pr\u00e9server notre environnement, nous avons adopt\u00e9 et mis en \u0153uvre une politique de communication internationale afin de satisfaire une demande grandissante \u00e0 l\u2019\u00e9tranger.<\/p>\n<\/div>\n<p><a style=\"margin-right:20px;\" class=\"fancybox-thumb\" id=\"img_1\" rel=\"rayon_action\" href=\"\/wp-content\/uploads\/2013\/12\/rayon-action.jpg\" title=\"Rayon d'action de la soci\u00e9t\u00e9 Techsealab\"><img decoding=\"async\" max-height=\"150px\" width=\"45%\" src=\"\/wp-content\/uploads\/2013\/12\/rayon-action.jpg\" alt=\"\" \/><\/a><\/p>\n<h3 style=\"clear: both; color:#ffffff;\">Nos actions<\/h3>\n<div class=\"one_third\">\n<div style=\"background: #F7F7F7; border-color: #E5E5E5 #D8D8D8 #D8D8D8; border-style: solid; border-width: 5px 1px 1px; padding: 25px 25px 40px;\">\n<h3>Agriculture<\/h3>\n<p style=\"text-align: justify;\">Les produits Techsealab sont autant destin\u00e9s aux grandes cultures agricoles qu\u2019aux productions sp\u00e9cialis\u00e9es (arboricultures, vignes, horticultures, p\u00e9pini\u00e9ristes...).<\/p>\n<\/div>\n<\/div>\n<div class=\"one_third\">\n<div style=\"background: #F7F7F7; border-color: #E5E5E5 #D8D8D8 #D8D8D8; border-style: solid; border-width: 5px 1px 1px; padding: 25px 25px 20px;\">\n<h3>Bien-\u00eatre<\/h3>\n<p style=\"text-align: justify;\">Nous concevons des produits \u201cde bien-\u00eatre\u201d innovants \u00e0 destination des centres de soins (thalassoth\u00e9rapie, kin\u00e9sith\u00e9rapie, instituts de beaut\u00e9...) et \u00e9galement des particuliers par le biais de distributeurs sp\u00e9cialis\u00e9s.<\/p>\n<\/div>\n<\/div>\n<div class=\"one_third last\">\n<div style=\"background: #F7F7F7; border-color: #E5E5E5 #D8D8D8 #D8D8D8; border-style: solid; border-width: 5px 1px 1px; padding: 25px 25px 20px;\">\n<h3>Alimentation<\/h3>\n<p style=\"text-align: justify;\">Nous \u00e9laborons des produits qui peuvent entrer dans la composition ou l\u2019accompagnement de produits alimentaires (pains et p\u00e2tes aux algues, d\u00e9cors algues, vinaigres et huiles \u00e0 base d\u2019eau de mer...).<\/p>\n<\/div>\n<\/div>\n<div class=\"clearboth\"><\/div>\n<\/div>\n<\/div><\/div><\/div><\/div><\/div><div id=\"pg-3671-3\"  class=\"panel-grid panel-no-style\" ><div id=\"pgc-3671-3-0\"  class=\"panel-grid-cell\" ><div id=\"panel-3671-3-0-0\" class=\"so-panel widget widget_lsow-accordion panel-first-child panel-last-child\" data-index=\"3\" ><div\n\t\t\t\n\t\t\tclass=\"so-widget-lsow-accordion so-widget-lsow-accordion-default-d75171398898-3671\"\n\t\t\t\n\t\t>\n<div class=\"lsow-accordion style1\" data-toggle=\"true\" data-expanded=\"true\"><div class=\"lsow-panel\" id=\"\"><div class=\"lsow-panel-title\">Conception de nos produits<\/div><div class=\"lsow-panel-content\"><p style=\"text-align: justify;\">Notre soci\u00e9t\u00e9 formule, con\u00e7oit et commercialise des produits \u00e0 base de v\u00e9g\u00e9taux marins ou terrestres dans divers domaines tels que l\u2019agriculture ou encore l\u2019alimentation.<\/p><\/div><\/div><!-- .lsow-panel --><div class=\"lsow-panel\" id=\"\"><div class=\"lsow-panel-title\">Fabrication des mati\u00e8res premi\u00e8res<\/div><div class=\"lsow-panel-content\"><p style=\"text-align: justify;\">Nous d\u00e9veloppons et fournissons de nombreux clients en actifs innovants entrant dans la composition de produits vari\u00e9s.<\/p><\/div><\/div><!-- .lsow-panel --><div class=\"lsow-panel\" id=\"\"><div class=\"lsow-panel-title\">Travail \u00e0 fa\u00e7on<\/div><div class=\"lsow-panel-content\"><p style=\"text-align: justify;\">Nous concr\u00e9tisons les id\u00e9es ou les besoins de nos clients en d\u00e9veloppant et en formulant leurs produits. Nous mettons \u00e0 leur service notre expertise, notre savoir-faire ainsi que nos infrastructures.<\/p><\/div><\/div><!-- .lsow-panel --><\/div><!-- .lsow-accordion --><\/div><\/div><\/div><\/div><div id=\"pg-3671-4\"  class=\"panel-grid panel-has-style\" ><div class=\"siteorigin-panels-stretch panel-row-style panel-row-style-for-3671-4\" data-stretch-type=\"full\" ><div id=\"pgc-3671-4-0\"  class=\"panel-grid-cell\" ><div id=\"panel-3671-4-0-0\" class=\"so-panel widget widget_sow-editor panel-first-child panel-last-child\" data-index=\"4\" ><div\n\t\t\t\n\t\t\tclass=\"so-widget-sow-editor so-widget-sow-editor-base\"\n\t\t\t\n\t\t>\n<div class=\"siteorigin-widget-tinymce textwidget\">\n\t<h3 style=\"color: #ffffff;\">Site de production<\/h3>\n<p><img loading=\"lazy\" decoding=\"async\" class=\"alignleft size-full wp-image-5423\" alt=\"B\u00e2timent Techsealab\" src=\"\/wp-content\/uploads\/2013\/12\/batiment-techsealab.jpg\" width=\"500\" height=\"200\" srcset=\"https:\/\/i0.wp.com\/www.techsealab.com\/wp-content\/uploads\/2013\/12\/batiment-techsealab.jpg?w=500&amp;ssl=1 500w, https:\/\/i0.wp.com\/www.techsealab.com\/wp-content\/uploads\/2013\/12\/batiment-techsealab.jpg?resize=300%2C120&amp;ssl=1 300w\" sizes=\"auto, (max-width: 500px) 100vw, 500px\" \/><\/p>\n<p style=\"text-align: justify; margin-top:30px; color:#ffffff;\">Aujourd\u2019hui, la Bretagne repr\u00e9sente 90 % de la production nationale d\u2019algues.\n<\/p>\n<p style=\"text-align: justify; color:#ffffff;\">Notre soci\u00e9t\u00e9 a choisi d\u2019implanter son site de production \u00e0 Penmarc\u2019h, escale marine du pays Bigouden reconnue pour sa biodiversit\u00e9 marine.<\/p>\n<p style=\"text-align: justify; color:#ffffff;\">Nos activit\u00e9s b\u00e9n\u00e9ficient de cette fiert\u00e9, de ce profond attachement \u00e0 notre localit\u00e9 connue pour la culture et la r\u00e9colte des algues depuis plusieurs si\u00e8cles.<\/p>\n<\/div>\n<\/div><\/div><\/div><\/div><\/div><\/div>","protected":false},"excerpt":{"rendered":"<p>Pr\u00e9sentation L\u2019activit\u00e9 principale de notre soci\u00e9t\u00e9 consiste en la mise en \u0153uvre de technologies permettant : L\u2019\u00e9laboration d\u2019actifs originaux (actifs obtenus \u00e0 partir des technologies qui nous sont propres) sous forme liquide, solide ou de cr\u00e8me \u00e0 partir de mati\u00e8res premi\u00e8res rigoureusement s\u00e9lectionn\u00e9es et issues d\u2019une site exceptionnel situ\u00e9 \u00e0 la pointe sud du Finist\u00e8re. La formulation de produits finis.<\/p>\n","protected":false},"author":3,"featured_media":0,"parent":0,"menu_order":14,"comment_status":"closed","ping_status":"closed","template":"index.php","meta":{"footnotes":""},"class_list":["post-3671","page","type-page","status-publish","hentry"],"jetpack_sharing_enabled":true,"_links":{"self":[{"href":"https:\/\/www.techsealab.com\/en\/wp-json\/wp\/v2\/pages\/3671","targetHints":{"allow":["GET"]}}],"collection":[{"href":"https:\/\/www.techsealab.com\/en\/wp-json\/wp\/v2\/pages"}],"about":[{"href":"https:\/\/www.techsealab.com\/en\/wp-json\/wp\/v2\/types\/page"}],"author":[{"embeddable":true,"href":"https:\/\/www.techsealab.com\/en\/wp-json\/wp\/v2\/users\/3"}],"replies":[{"embeddable":true,"href":"https:\/\/www.techsealab.com\/en\/wp-json\/wp\/v2\/comments?post=3671"}],"version-history":[{"count":0,"href":"https:\/\/www.techsealab.com\/en\/wp-json\/wp\/v2\/pages\/3671\/revisions"}],"wp:attachment":[{"href":"https:\/\/www.techsealab.com\/en\/wp-json\/wp\/v2\/media?parent=3671"}],"curies":[{"name":"wp","href":"https:\/\/api.w.org\/{rel}","templated":true}]}}